{"id":738,"date":"2020-05-20T11:46:02","date_gmt":"2020-05-20T11:46:02","guid":{"rendered":"https:\/\/maler-mateyka.de\/?page_id=738"},"modified":"2020-06-21T10:32:08","modified_gmt":"2020-06-21T10:32:08","slug":"beratung-interior","status":"publish","type":"page","link":"https:\/\/maler-mateyka.de\/index.php\/beratung-interior\/","title":{"rendered":"Beratung"},"content":{"rendered":"<p><div class=\"fusion-fullwidth fullwidth-box fusion-builder-row-1 nonhundred-percent-fullwidth non-hundred-percent-height-scrolling\" style=\"background-color: rgba(255,255,255,0);background-position: center center;background-repeat: no-repeat;padding-top:0px;padding-right:0px;padding-bottom:0px;padding-left:0px;margin-bottom: 0px;margin-top: 0px;border-width: 0px 0px 0px 0px;border-color:#eae9e9;border-style:solid;\" ><div class=\"fusion-builder-row fusion-row\"><div class=\"fusion-layout-column fusion_builder_column fusion-builder-column-0 fusion_builder_column_1_1 1_1 fusion-one-full fusion-column-first fusion-column-last\" style=\"margin-top:0px;margin-bottom:20px;\"><div class=\"fusion-column-wrapper fusion-flex-column-wrapper-legacy\" style=\"background-position:left top;background-repeat:no-repeat;-webkit-background-size:cover;-moz-background-size:cover;-o-background-size:cover;background-size:cover;padding: 0px 0px 0px 0px;\"><div class=\"fusion-section-separator section-separator triangle fusion-section-separator-1\"><div class=\"fusion-section-separator-svg\" style=\"border-top:1px solid #fafcfe;margin-left: 0px;margin-right: 0px;\"><div class=\"divider-candy-arrow top\" style=\"bottom:0px;border-bottom-color: #fafcfe;\"><\/div><div class=\"divider-candy top\" style=\"top:-21px;border-bottom:1px solid #fafcfe;border-left:1px solid #fafcfe;\"><\/div><\/div><div class=\"fusion-section-separator-spacer\"><div class=\"fusion-section-separator-spacer-height\" style=\"height:1px;\"><\/div><\/div><\/div><div class=\"fusion-text fusion-text-1\"><h2 style=\"text-align: center;\">F\u00fcr eine noch individuellere Beratung setzen wir auf die Kooperation mit Interior Expertin Doris L\u00f6ffler<\/h2>\n<p style=\"text-align: center;\"><em>&#8222;W\u00e4hrend eines Auslandsaufenthalts in London im Jahre 2008 entschloss ich mich zu einem Karrierewechsel in Richtung Interior Design u. Decoration. Nach erfolgreicher Bewerbung an der KLC School of Design (Chelsea Harbour) schloss ich mein Studium der Innenarchitektur im April 2012 erfolgreich mit einem Diplom und Auszeichnung (Honours Grade) ab. Nach der R\u00fcckkehr nach M\u00fcnchen sammelte ich wertvolle Erfahrungen in vorwiegend familiengef\u00fchrten Unternehmen \u2013 der Fokus bestand in der Ausarbeitung von Designkonzepten exklusiver Designobjekte\/M\u00f6bel\/Leuchten Wohnaccessoires, Erstkontakt, Begleitung und Support von Kunden bei Erarbeitung eines stimmigen Design-Konzepts sowie in beratender T\u00e4tigkeit f\u00fcr Architekten und Handwerksbetriebe bei finaler Implementierung. Ihr Anspruch \u2013 meine Leidenschaft f\u00fcr Interiors, Formen, Strukturen, mein Gesp\u00fcr f\u00fcr die Harmonie von Farben stellen die Basis f\u00fcr die Ausarbeitung eines stimmigen Konzepts dar. Ob ein kleines Budget \u2013 vielleicht nur die Wahl einer neuen Wandfarbe \u2013 oder die Planung eines gesamten Hauses \u2013 gerne stehe ich meinen Kunden beratend zur Seite.<\/em><\/p>\n<p style=\"text-align: center;\"><em>Dabei sind Individualit\u00e4t der Lebensumst\u00e4nde, Flexibilit\u00e4t und Kompetenz in der Planung federf\u00fchrend.<\/em><\/p>\n<p style=\"text-align: center;\"><em>Einen \u00dcberblick u. Leistungsumfang meiner T\u00e4tigkeit finden Sie auf meiner Website:<\/em><\/p>\n<p style=\"text-align: center;\"><em>doris.loeffler.com&#8220;<\/em><\/p>\n<\/div><div class=\"fusion-clearfix\"><\/div><\/div><\/div><\/div><\/div><div class=\"fusion-fullwidth fullwidth-box fusion-builder-row-2 nonhundred-percent-fullwidth non-hundred-percent-height-scrolling\" style=\"background-color: rgba(255,255,255,0);background-position: center center;background-repeat: no-repeat;padding-top:0px;padding-right:0px;padding-bottom:0px;padding-left:0px;margin-bottom: 0px;margin-top: 0px;border-width: 0px 0px 0px 0px;border-color:#eae9e9;border-style:solid;\" ><div class=\"fusion-builder-row fusion-row\"><div class=\"fusion-layout-column fusion_builder_column fusion-builder-column-1 fusion_builder_column_1_1 1_1 fusion-one-full fusion-column-first fusion-column-last\" style=\"margin-top:0px;margin-bottom:20px;\"><div class=\"fusion-column-wrapper fusion-flex-column-wrapper-legacy\" style=\"background-position:left top;background-repeat:no-repeat;-webkit-background-size:cover;-moz-background-size:cover;-o-background-size:cover;background-size:cover;padding: 0px 0px 0px 0px;\"><style type=\"text\/css\"><\/style><div class=\"fusion-title title fusion-title-1 fusion-title-center fusion-title-text fusion-title-size-three fusion-animated\" style=\"margin-top:70px;margin-right:0px;margin-bottom:31px;margin-left:0px;\" data-animationType=\"zoomIn\" data-animationDuration=\"1.0\" data-animationOffset=\"100%\"><div class=\"title-sep-container title-sep-container-left\"><div class=\"title-sep sep-\" style=\"border-color:#eff3f9;\"><\/div><\/div><h3 class=\"title-heading-center\" style=\"margin:0;\">Vereinbaren Sie jetzt einen Termin. Wir besuchen Sie vor Ort und kalkulieren Ihr individuelles Angebot<\/h3><div class=\"title-sep-container title-sep-container-right\"><div class=\"title-sep sep-\" style=\"border-color:#eff3f9;\"><\/div><\/div><\/div><div class=\"fusion-clearfix\"><\/div><\/div><\/div><\/div><\/div><\/p>\n","protected":false},"excerpt":{"rendered":"","protected":false},"author":1,"featured_media":0,"parent":0,"menu_order":0,"comment_status":"closed","ping_status":"closed","template":"","meta":{"footnotes":""},"class_list":["post-738","page","type-page","status-publish","hentry"],"yoast_head":"<!-- This site is optimized with the Yoast SEO plugin v27.5 - https:\/\/yoast.com\/product\/yoast-seo-wordpress\/ -->\n<title>Beratung Interior und Innenraumgestaltung - Malermeister Mateyka<\/title>\n<meta name=\"description\" content=\"Wir beraten Sie ausf\u00fchrlich zu Ihrem neuen Interior. F\u00fcr die Innenraumgestaltung Ihres Privat oder Gewerbeobjektes arbeiten wir mit Interior - Designerin Doris L\u00f6ffler aus M\u00fcnchen zusammen.\" \/>\n<meta name=\"robots\" content=\"index, follow, max-snippet:-1, max-image-preview:large, max-video-preview:-1\" \/>\n<link rel=\"canonical\" href=\"https:\/\/maler-mateyka.de\/index.php\/beratung-interior\/\" \/>\n<meta property=\"og:locale\" content=\"de_DE\" \/>\n<meta property=\"og:type\" content=\"article\" \/>\n<meta property=\"og:title\" content=\"Beratung Interior und Innenraumgestaltung - Malermeister Mateyka\" \/>\n<meta property=\"og:description\" content=\"Wir beraten Sie ausf\u00fchrlich zu Ihrem neuen Interior. F\u00fcr die Innenraumgestaltung Ihres Privat oder Gewerbeobjektes arbeiten wir mit Interior - Designerin Doris L\u00f6ffler aus M\u00fcnchen zusammen.\" \/>\n<meta property=\"og:url\" content=\"https:\/\/maler-mateyka.de\/index.php\/beratung-interior\/\" \/>\n<meta property=\"og:site_name\" content=\"Malermeister Mateyka\" \/>\n<meta property=\"article:modified_time\" content=\"2020-06-21T10:32:08+00:00\" \/>\n<meta name=\"twitter:card\" content=\"summary_large_image\" \/>\n<meta name=\"twitter:label1\" content=\"Gesch\u00e4tzte Lesezeit\" \/>\n\t<meta name=\"twitter:data1\" content=\"5\u00a0Minuten\" \/>\n<script type=\"application\/ld+json\" class=\"yoast-schema-graph\">{\"@context\":\"https:\\\/\\\/schema.org\",\"@graph\":[{\"@type\":\"WebPage\",\"@id\":\"https:\\\/\\\/maler-mateyka.de\\\/index.php\\\/beratung-interior\\\/\",\"url\":\"https:\\\/\\\/maler-mateyka.de\\\/index.php\\\/beratung-interior\\\/\",\"name\":\"Beratung Interior und Innenraumgestaltung - Malermeister Mateyka\",\"isPartOf\":{\"@id\":\"https:\\\/\\\/maler-mateyka.de\\\/#website\"},\"datePublished\":\"2020-05-20T11:46:02+00:00\",\"dateModified\":\"2020-06-21T10:32:08+00:00\",\"description\":\"Wir beraten Sie ausf\u00fchrlich zu Ihrem neuen Interior. F\u00fcr die Innenraumgestaltung Ihres Privat oder Gewerbeobjektes arbeiten wir mit Interior - Designerin Doris L\u00f6ffler aus M\u00fcnchen zusammen.\",\"breadcrumb\":{\"@id\":\"https:\\\/\\\/maler-mateyka.de\\\/index.php\\\/beratung-interior\\\/#breadcrumb\"},\"inLanguage\":\"de\",\"potentialAction\":[{\"@type\":\"ReadAction\",\"target\":[\"https:\\\/\\\/maler-mateyka.de\\\/index.php\\\/beratung-interior\\\/\"]}]},{\"@type\":\"BreadcrumbList\",\"@id\":\"https:\\\/\\\/maler-mateyka.de\\\/index.php\\\/beratung-interior\\\/#breadcrumb\",\"itemListElement\":[{\"@type\":\"ListItem\",\"position\":1,\"name\":\"Startseite\",\"item\":\"https:\\\/\\\/maler-mateyka.de\\\/\"},{\"@type\":\"ListItem\",\"position\":2,\"name\":\"Beratung\"}]},{\"@type\":\"WebSite\",\"@id\":\"https:\\\/\\\/maler-mateyka.de\\\/#website\",\"url\":\"https:\\\/\\\/maler-mateyka.de\\\/\",\"name\":\"Malermeister Mateyka\",\"description\":\"Ihr Fachbetrieb in Iffeldorf\",\"publisher\":{\"@id\":\"https:\\\/\\\/maler-mateyka.de\\\/#organization\"},\"potentialAction\":[{\"@type\":\"SearchAction\",\"target\":{\"@type\":\"EntryPoint\",\"urlTemplate\":\"https:\\\/\\\/maler-mateyka.de\\\/?s={search_term_string}\"},\"query-input\":{\"@type\":\"PropertyValueSpecification\",\"valueRequired\":true,\"valueName\":\"search_term_string\"}}],\"inLanguage\":\"de\"},{\"@type\":\"Organization\",\"@id\":\"https:\\\/\\\/maler-mateyka.de\\\/#organization\",\"name\":\"Malerbetrieb Mateyka\",\"url\":\"https:\\\/\\\/maler-mateyka.de\\\/\",\"logo\":{\"@type\":\"ImageObject\",\"inLanguage\":\"de\",\"@id\":\"https:\\\/\\\/maler-mateyka.de\\\/#\\\/schema\\\/logo\\\/image\\\/\",\"url\":\"https:\\\/\\\/maler-mateyka.de\\\/wp-content\\\/uploads\\\/2020\\\/05\\\/Mateyka-Logo-pur-01.png\",\"contentUrl\":\"https:\\\/\\\/maler-mateyka.de\\\/wp-content\\\/uploads\\\/2020\\\/05\\\/Mateyka-Logo-pur-01.png\",\"width\":600,\"height\":349,\"caption\":\"Malerbetrieb Mateyka\"},\"image\":{\"@id\":\"https:\\\/\\\/maler-mateyka.de\\\/#\\\/schema\\\/logo\\\/image\\\/\"}}]}<\/script>\n<!-- \/ Yoast SEO plugin. -->","yoast_head_json":{"title":"Beratung Interior und Innenraumgestaltung - Malermeister Mateyka","description":"Wir beraten Sie ausf\u00fchrlich zu Ihrem neuen Interior. F\u00fcr die Innenraumgestaltung Ihres Privat oder Gewerbeobjektes arbeiten wir mit Interior - Designerin Doris L\u00f6ffler aus M\u00fcnchen zusammen.","robots":{"index":"index","follow":"follow","max-snippet":"max-snippet:-1","max-image-preview":"max-image-preview:large","max-video-preview":"max-video-preview:-1"},"canonical":"https:\/\/maler-mateyka.de\/index.php\/beratung-interior\/","og_locale":"de_DE","og_type":"article","og_title":"Beratung Interior und Innenraumgestaltung - Malermeister Mateyka","og_description":"Wir beraten Sie ausf\u00fchrlich zu Ihrem neuen Interior. F\u00fcr die Innenraumgestaltung Ihres Privat oder Gewerbeobjektes arbeiten wir mit Interior - Designerin Doris L\u00f6ffler aus M\u00fcnchen zusammen.","og_url":"https:\/\/maler-mateyka.de\/index.php\/beratung-interior\/","og_site_name":"Malermeister Mateyka","article_modified_time":"2020-06-21T10:32:08+00:00","twitter_card":"summary_large_image","twitter_misc":{"Gesch\u00e4tzte Lesezeit":"5\u00a0Minuten"},"schema":{"@context":"https:\/\/schema.org","@graph":[{"@type":"WebPage","@id":"https:\/\/maler-mateyka.de\/index.php\/beratung-interior\/","url":"https:\/\/maler-mateyka.de\/index.php\/beratung-interior\/","name":"Beratung Interior und Innenraumgestaltung - Malermeister Mateyka","isPartOf":{"@id":"https:\/\/maler-mateyka.de\/#website"},"datePublished":"2020-05-20T11:46:02+00:00","dateModified":"2020-06-21T10:32:08+00:00","description":"Wir beraten Sie ausf\u00fchrlich zu Ihrem neuen Interior. F\u00fcr die Innenraumgestaltung Ihres Privat oder Gewerbeobjektes arbeiten wir mit Interior - Designerin Doris L\u00f6ffler aus M\u00fcnchen zusammen.","breadcrumb":{"@id":"https:\/\/maler-mateyka.de\/index.php\/beratung-interior\/#breadcrumb"},"inLanguage":"de","potentialAction":[{"@type":"ReadAction","target":["https:\/\/maler-mateyka.de\/index.php\/beratung-interior\/"]}]},{"@type":"BreadcrumbList","@id":"https:\/\/maler-mateyka.de\/index.php\/beratung-interior\/#breadcrumb","itemListElement":[{"@type":"ListItem","position":1,"name":"Startseite","item":"https:\/\/maler-mateyka.de\/"},{"@type":"ListItem","position":2,"name":"Beratung"}]},{"@type":"WebSite","@id":"https:\/\/maler-mateyka.de\/#website","url":"https:\/\/maler-mateyka.de\/","name":"Malermeister Mateyka","description":"Ihr Fachbetrieb in Iffeldorf","publisher":{"@id":"https:\/\/maler-mateyka.de\/#organization"},"potentialAction":[{"@type":"SearchAction","target":{"@type":"EntryPoint","urlTemplate":"https:\/\/maler-mateyka.de\/?s={search_term_string}"},"query-input":{"@type":"PropertyValueSpecification","valueRequired":true,"valueName":"search_term_string"}}],"inLanguage":"de"},{"@type":"Organization","@id":"https:\/\/maler-mateyka.de\/#organization","name":"Malerbetrieb Mateyka","url":"https:\/\/maler-mateyka.de\/","logo":{"@type":"ImageObject","inLanguage":"de","@id":"https:\/\/maler-mateyka.de\/#\/schema\/logo\/image\/","url":"https:\/\/maler-mateyka.de\/wp-content\/uploads\/2020\/05\/Mateyka-Logo-pur-01.png","contentUrl":"https:\/\/maler-mateyka.de\/wp-content\/uploads\/2020\/05\/Mateyka-Logo-pur-01.png","width":600,"height":349,"caption":"Malerbetrieb Mateyka"},"image":{"@id":"https:\/\/maler-mateyka.de\/#\/schema\/logo\/image\/"}}]}},"_links":{"self":[{"href":"https:\/\/maler-mateyka.de\/index.php\/wp-json\/wp\/v2\/pages\/738","targetHints":{"allow":["GET"]}}],"collection":[{"href":"https:\/\/maler-mateyka.de\/index.php\/wp-json\/wp\/v2\/pages"}],"about":[{"href":"https:\/\/maler-mateyka.de\/index.php\/wp-json\/wp\/v2\/types\/page"}],"author":[{"embeddable":true,"href":"https:\/\/maler-mateyka.de\/index.php\/wp-json\/wp\/v2\/users\/1"}],"replies":[{"embeddable":true,"href":"https:\/\/maler-mateyka.de\/index.php\/wp-json\/wp\/v2\/comments?post=738"}],"version-history":[{"count":4,"href":"https:\/\/maler-mateyka.de\/index.php\/wp-json\/wp\/v2\/pages\/738\/revisions"}],"predecessor-version":[{"id":978,"href":"https:\/\/maler-mateyka.de\/index.php\/wp-json\/wp\/v2\/pages\/738\/revisions\/978"}],"wp:attachment":[{"href":"https:\/\/maler-mateyka.de\/index.php\/wp-json\/wp\/v2\/media?parent=738"}],"curies":[{"name":"wp","href":"https:\/\/api.w.org\/{rel}","templated":true}]}}