{"id":931,"date":"2020-06-02T07:18:51","date_gmt":"2020-06-02T07:18:51","guid":{"rendered":"https:\/\/maler-mateyka.de\/?page_id=931"},"modified":"2020-06-21T10:34:01","modified_gmt":"2020-06-21T10:34:01","slug":"ausbildung-maler","status":"publish","type":"page","link":"https:\/\/maler-mateyka.de\/index.php\/ausbildung-maler\/","title":{"rendered":"Ausbildung"},"content":{"rendered":"<p><div class=\"fusion-fullwidth fullwidth-box fusion-builder-row-1 nonhundred-percent-fullwidth non-hundred-percent-height-scrolling\" style=\"background-color: rgba(255,255,255,0);background-position: center center;background-repeat: no-repeat;padding-top:0px;padding-right:0px;padding-bottom:0px;padding-left:0px;margin-bottom: 0px;margin-top: 0px;border-width: 0px 0px 0px 0px;border-color:#eae9e9;border-style:solid;\" ><div class=\"fusion-builder-row fusion-row\"><div class=\"fusion-layout-column fusion_builder_column fusion-builder-column-0 fusion_builder_column_1_1 1_1 fusion-one-full fusion-column-first fusion-column-last\" style=\"margin-top:0px;margin-bottom:20px;\"><div class=\"fusion-column-wrapper fusion-flex-column-wrapper-legacy\" style=\"background-position:left top;background-repeat:no-repeat;-webkit-background-size:cover;-moz-background-size:cover;-o-background-size:cover;background-size:cover;padding: 0px 0px 0px 0px;\"><div class=\"fusion-video fusion-selfhosted-video\" style=\"max-width:100%;\"><div class=\"video-wrapper\"><video playsinline=\"true\" width=\"100%\" style=\"object-fit: cover;\" autoplay=\"true\" preload=\"auto\" controls=\"1\"><source src=\"https:\/\/maler-mateyka.de\/wp-content\/uploads\/2020\/06\/Kinospot-Maler-u.-Lackiererinnung-Oberland-2020.mp4\" type=\"video\/mp4\">Sorry, your browser doesn&#039;t support embedded videos.<\/video><\/div><\/div><div class=\"fusion-sep-clear\"><\/div><div class=\"fusion-separator fusion-full-width-sep\" style=\"margin-left: auto;margin-right: auto;margin-top:40px;margin-bottom:40px;width:100%;\"><div class=\"fusion-separator-border sep-double\" style=\"border-color:#eff3f9;border-top-width:1px;border-bottom-width:1px;\"><\/div><\/div><div class=\"fusion-sep-clear\"><\/div><div class=\"fusion-clearfix\"><\/div><\/div><\/div><\/div><\/div><div class=\"fusion-fullwidth fullwidth-box fusion-builder-row-2 nonhundred-percent-fullwidth non-hundred-percent-height-scrolling\" style=\"background-color: rgba(255,255,255,0);background-position: center center;background-repeat: no-repeat;padding-top:0px;padding-right:0px;padding-bottom:0px;padding-left:0px;margin-bottom: 0px;margin-top: 0px;border-width: 0px 0px 0px 0px;border-color:#eae9e9;border-style:solid;\" ><div class=\"fusion-builder-row fusion-row\"><div class=\"fusion-layout-column fusion_builder_column fusion-builder-column-1 fusion_builder_column_1_2 1_2 fusion-one-half fusion-column-first\" style=\"width:50%;width:calc(50% - ( ( 4% ) * 0.5 ) );margin-right: 4%;margin-top:0px;margin-bottom:20px;\"><div class=\"fusion-column-wrapper fusion-flex-column-wrapper-legacy\" style=\"background-position:left top;background-repeat:no-repeat;-webkit-background-size:cover;-moz-background-size:cover;-o-background-size:cover;background-size:cover;padding: 0px 0px 0px 0px;\"><div class=\"fusion-text fusion-text-1\"><p class=\"hidden nothing animated visible fadeIn full-visible\"><strong>MALER- UND LACKIERERHANDWERK<\/strong> Viele M\u00f6glichkeiten die Welt sch\u00f6ner zu gestalten. H\u00f6rt sich das gut f\u00fcr dich an? Dann ist das genau der richtige Job f\u00fcr dich!<\/p>\n<p class=\"hidden nothing animated visible fadeIn\">Maler\/innen und Lackierer\/innen der Fachrichtung Gestaltung und Instandhaltung gestalten und be\u00adhandeln Innenw\u00e4nde, Decken, B\u00f6den und Fassaden von Geb\u00e4uden sowie die Oberfl\u00e4chen von Ob\u00adjekten aus verschiedenen Materialien. Sie sind im Neubau, bei der Sanierung und Modernisierung t\u00e4\u00adtig. Bevor sie Fl\u00e4chen beschichten, bereiten sie die Untergr\u00fcnde vor und bessern Putzsch\u00e4den an W\u00e4nden und Decken aus. Innenr\u00e4ume gestalten sie mit unterschiedlichen Maltechniken, aber auch mit Tapeten und Dekorputzen.<\/p>\n<p class=\"hidden nothing animated visible fadeIn\"><strong>KIRCHENMALEREI<\/strong> Historische Kirchen und Denkm\u00e4ler haben dich schon immer fasziniert? Dann solltest du in unser Team kommen, hier lernst du diese historischen Kunstwerke aufzubereiten.<\/p>\n<p class=\"hidden nothing animated visible fadeIn\">Maler\/innen und Lackierer\/innen der Fachrichtung Kirchenmalerei und Denkmalpflege sanieren und rekonstruieren W\u00e4nde, Decken, Fassaden und Wandmalereien von historischen Geb\u00e4uden. Sie formen und gestalten Ornamente und Profile, bemalen Skulpturen und f\u00fchren Rekonstruktionen und Reproduktionen aus.<\/p>\n<\/div><div class=\"fusion-clearfix\"><\/div><\/div><\/div><div class=\"fusion-layout-column fusion_builder_column fusion-builder-column-2 fusion_builder_column_1_2 1_2 fusion-one-half fusion-column-last\" style=\"width:50%;width:calc(50% - ( ( 4% ) * 0.5 ) );margin-top:0px;margin-bottom:20px;\"><div class=\"fusion-column-wrapper fusion-flex-column-wrapper-legacy\" style=\"background-position:left top;background-repeat:no-repeat;-webkit-background-size:cover;-moz-background-size:cover;-o-background-size:cover;background-size:cover;padding: 0px 0px 0px 0px;\"><div class=\"fusion-text fusion-text-2\"><p class=\"hidden nothing animated visible fadeIn full-visible\"><strong>FAHRZEUGLACKIERER<\/strong> Fahrzeuge jeglicher Form interessieren dich und du hast Interesse diese noch sch\u00f6ner zu gestalten? Bei uns lernst du das Handwerk perfekt auszuf\u00fchren.<\/p>\n<p class=\"hidden nothing animated visible fadeIn\">Fahrzeuglackierer\/innen beschichten und gestalten Fahrzeuge, Aufbauten und Spezialeinrichtungen mit Lacken, Beschriftungen und Signets. Sie sch\u00fctzen Oberfl\u00e4chen durch geeignete Konservierungsma\u00dfnahmen oder setzen sie instand.<\/p>\n<p class=\"hidden nothing animated visible fadeIn full-visible\"><strong>BAUTEN- &amp; OBJEKTBESCHICHTER<\/strong> Wir be- und verkleiden und gestalten Innen- und Au\u00dfenfl\u00e4chen von Bauwerken und Objekten aller Art.<\/p>\n<p class=\"hidden nothing animated visible fadeIn full-visible\">Bauten- und Objektbeschichter\/innen beschichten, be- und verkleiden und gestalten Innen- und Au\u00dfenfl\u00e4chen von Bauwerken und Objekten aller Art.<\/p>\n<\/div><div class=\"fusion-clearfix\"><\/div><\/div><\/div><\/div><\/div><div class=\"fusion-fullwidth fullwidth-box fusion-builder-row-3 nonhundred-percent-fullwidth non-hundred-percent-height-scrolling\" style=\"background-color: rgba(255,255,255,0);background-position: center center;background-repeat: no-repeat;padding-top:0px;padding-right:0px;padding-bottom:0px;padding-left:0px;margin-bottom: 0px;margin-top: 0px;border-width: 0px 0px 0px 0px;border-color:#eae9e9;border-style:solid;\" ><div class=\"fusion-builder-row fusion-row\"><div class=\"fusion-layout-column fusion_builder_column fusion-builder-column-3 fusion_builder_column_1_1 1_1 fusion-one-full fusion-column-first fusion-column-last\" style=\"margin-top:0px;margin-bottom:20px;\"><div class=\"fusion-column-wrapper fusion-flex-column-wrapper-legacy\" style=\"background-position:left top;background-repeat:no-repeat;-webkit-background-size:cover;-moz-background-size:cover;-o-background-size:cover;background-size:cover;padding: 0px 0px 0px 0px;\"><div class=\"fusion-text fusion-text-3\"><h2 class=\"hidden animated visible fadeIn full-visible\">AUSBILDUNGSWEG<\/h2>\n<div class=\"v-headline-text-container v-0 hidden animated visible fadeInUp full-visible\">\n<p>Zuerst entscheidest du dich f\u00fcr eine Fachrichtung. Hierbei hast du die Auswahl<br \/>\nzwischen, Maler &amp; Lackierer, Kirchenmaler, Fahrzeuglackierer oder Bauten- &amp; Objektbeschichter.<br \/>\nDanach geht es meist in den gleichen Schritten weiter bis hin zur optionalen Meisterpr\u00fcfung.<\/p>\n<\/div>\n<\/div><span class=\" fusion-imageframe imageframe-none imageframe-1 hover-type-none\"><img decoding=\"async\" width=\"3202\" height=\"1160\" alt=\"Ausbildungsschritte zum Maler- und Lackierer bei der Malerinnung Oberland im Malerbetrieb Mateyka Iffeldorf\" title=\"Ausbildung zum Maler und Lackierer\" src=\"https:\/\/maler-mateyka.de\/wp-content\/uploads\/2020\/06\/Bildschirmfoto-2020-06-03-um-09.25.33.png\" class=\"img-responsive wp-image-942\" srcset=\"https:\/\/maler-mateyka.de\/wp-content\/uploads\/2020\/06\/Bildschirmfoto-2020-06-03-um-09.25.33-200x72.png 200w, https:\/\/maler-mateyka.de\/wp-content\/uploads\/2020\/06\/Bildschirmfoto-2020-06-03-um-09.25.33-400x145.png 400w, https:\/\/maler-mateyka.de\/wp-content\/uploads\/2020\/06\/Bildschirmfoto-2020-06-03-um-09.25.33-600x217.png 600w, https:\/\/maler-mateyka.de\/wp-content\/uploads\/2020\/06\/Bildschirmfoto-2020-06-03-um-09.25.33-800x290.png 800w, https:\/\/maler-mateyka.de\/wp-content\/uploads\/2020\/06\/Bildschirmfoto-2020-06-03-um-09.25.33-1200x435.png 1200w, https:\/\/maler-mateyka.de\/wp-content\/uploads\/2020\/06\/Bildschirmfoto-2020-06-03-um-09.25.33.png 3202w\" sizes=\"(max-width: 1120px) 100vw, 1200px\" \/><\/span><div class=\"fusion-sep-clear\"><\/div><div class=\"fusion-separator fusion-full-width-sep\" style=\"margin-left: auto;margin-right: auto;width:100%;\"><div class=\"fusion-separator-border sep-double\" style=\"border-color:#eff3f9;border-top-width:1px;border-bottom-width:1px;\"><\/div><\/div><div class=\"fusion-sep-clear\"><\/div><div class=\"fusion-clearfix\"><\/div><\/div><\/div><\/div><\/div><div class=\"fusion-fullwidth fullwidth-box fusion-builder-row-4 nonhundred-percent-fullwidth non-hundred-percent-height-scrolling fusion-equal-height-columns\" style=\"background-color: rgba(255,255,255,0);background-position: center center;background-repeat: no-repeat;padding-top:0px;padding-right:0px;padding-bottom:0px;padding-left:0px;margin-bottom: 0px;margin-top: 0px;border-width: 0px 0px 0px 0px;border-color:#eae9e9;border-style:solid;\" ><div class=\"fusion-builder-row fusion-row\"><div class=\"fusion-layout-column fusion_builder_column fusion-builder-column-4 fusion_builder_column_1_2 1_2 fusion-one-half fusion-column-first\" style=\"width:50%;width:calc(50% - ( ( 4% ) * 0.5 ) );margin-right: 4%;margin-top:0px;margin-bottom:20px;\"><div class=\"fusion-column-wrapper fusion-flex-column-wrapper-legacy\" style=\"background-position:left top;background-repeat:no-repeat;-webkit-background-size:cover;-moz-background-size:cover;-o-background-size:cover;background-size:cover;padding: 0px 0px 0px 0px;\"><div class=\"fusion-text fusion-text-4\"><h3 class=\"hidden nothing animated visible fadeIn full-visible\" style=\"text-align: left;\">DAS BRINGST DU MIT<\/h3>\n<ul class=\"hidden nothing animated visible fadeIn\">\n<li style=\"text-align: left;\">handwerkliches Geschick<\/li>\n<li style=\"text-align: left;\">Freude am Gestalten<\/li>\n<li style=\"text-align: left;\">gute Umgangsformen<\/li>\n<li style=\"text-align: left;\">Spa\u00df am Umgang mit Menschen<\/li>\n<li style=\"text-align: left;\">mindestens Hauptschulabschluss<\/li>\n<li style=\"text-align: left;\">F\u00e4higkeit zu Kommunizieren<\/li>\n<\/ul>\n<\/div><div class=\"fusion-clearfix\"><\/div><\/div><\/div><div class=\"fusion-layout-column fusion_builder_column fusion-builder-column-5 fusion_builder_column_1_2 1_2 fusion-one-half fusion-column-last\" style=\"width:50%;width:calc(50% - ( ( 4% ) * 0.5 ) );margin-top:0px;margin-bottom:20px;\"><div class=\"fusion-column-wrapper fusion-flex-column-wrapper-legacy\" style=\"background-position:left top;background-repeat:no-repeat;-webkit-background-size:cover;-moz-background-size:cover;-o-background-size:cover;background-size:cover;padding: 0px 0px 0px 0px;\"><div class=\"fusion-text fusion-text-5\"><h3 class=\"hidden nothing animated visible fadeIn full-visible\" style=\"text-align: left;\">DAS LERNST DU IM MEISTERBETRIEB UND BERUFSSCHULE<\/h3>\n<ul class=\"hidden nothing animated visible fadeIn\">\n<li style=\"text-align: left;\">Farben- und Formenlehre<\/li>\n<li style=\"text-align: left;\">Oberfl\u00e4chen gestalten<\/li>\n<li style=\"text-align: left;\">Lack- und Anstrichtechnik<\/li>\n<li style=\"text-align: left;\">D\u00e4mm-, Putz- und Montagearbeiten<\/li>\n<li style=\"text-align: left;\">den Umgang mit Materialien, Werkzeugen und Anlagen<\/li>\n<li style=\"text-align: left;\">Schutz- und Spezialbeschichtungen<\/li>\n<li style=\"text-align: left;\">Gesetzliche und technische Vorschriften<\/li>\n<li style=\"text-align: left;\">Arbeitsschutz und Unfallverg\u00fctungsvorschriften<\/li>\n<\/ul>\n<\/div><div class=\"fusion-clearfix\"><\/div><\/div><\/div><\/div><\/div><div class=\"fusion-fullwidth fullwidth-box fusion-builder-row-5 nonhundred-percent-fullwidth non-hundred-percent-height-scrolling fusion-equal-height-columns\" style=\"background-color: rgba(255,255,255,0);background-position: center center;background-repeat: no-repeat;padding-top:0px;padding-right:0px;padding-bottom:0px;padding-left:0px;margin-bottom: 0px;margin-top: 0px;border-width: 0px 0px 0px 0px;border-color:#eae9e9;border-style:solid;\" ><div class=\"fusion-builder-row fusion-row\"><div class=\"fusion-layout-column fusion_builder_column fusion-builder-column-6 fusion_builder_column_1_2 1_2 fusion-one-half fusion-column-first\" style=\"width:50%;width:calc(50% - ( ( 4% ) * 0.5 ) );margin-right: 4%;margin-top:0px;margin-bottom:20px;\"><div class=\"fusion-column-wrapper fusion-flex-column-wrapper-legacy\" style=\"background-position:left top;background-repeat:no-repeat;-webkit-background-size:cover;-moz-background-size:cover;-o-background-size:cover;background-size:cover;padding: 0px 0px 0px 0px;\"><div class=\"fusion-text fusion-text-6\"><h3 class=\"hidden nothing animated visible fadeIn full-visible\" style=\"text-align: left;\">DAS ERLEBST DU IN DER AUSBILDUNGSZEIT<\/h3>\n<ul class=\"hidden nothing animated visible fadeIn\">\n<li style=\"text-align: left;\">Interessante und kreative T\u00e4tigkeiten an wechselnden Orten<\/li>\n<li style=\"text-align: left;\">Unterschiedliche Arbeits- und Aufgabengebiete<\/li>\n<li style=\"text-align: left;\">Anwendung von Farbe &#8211; Versch\u00f6nerung von Oberfl\u00e4chen<\/li>\n<\/ul>\n<\/div><div class=\"fusion-clearfix\"><\/div><\/div><\/div><div class=\"fusion-layout-column fusion_builder_column fusion-builder-column-7 fusion_builder_column_1_2 1_2 fusion-one-half fusion-column-last\" style=\"width:50%;width:calc(50% - ( ( 4% ) * 0.5 ) );margin-top:0px;margin-bottom:20px;\"><div class=\"fusion-column-wrapper fusion-flex-column-wrapper-legacy\" style=\"background-position:left top;background-repeat:no-repeat;-webkit-background-size:cover;-moz-background-size:cover;-o-background-size:cover;background-size:cover;padding: 0px 0px 0px 0px;\"><div class=\"fusion-text fusion-text-7\"><h3 class=\"hidden nothing animated visible fadeIn full-visible\" style=\"text-align: left;\">ALLGEMEINE INFOS<\/h3>\n<ul class=\"hidden nothing animated visible fadeIn\">\n<li style=\"text-align: left;\">Die Ausbildung dauert 3 Jahre.<\/li>\n<li style=\"text-align: left;\">Die Ausbildung findet statt: im Betrieb, in der Berfusschule und in der \u00b8berbetrieblichen Ausbildung (z.Zt. bei der Handwerkskammer).<\/li>\n<li style=\"text-align: left;\">W\u00e4hrend der gesamten Ausbildungszeit muss ein schriftlicher Nachweis (Dokumentation) \u00fcber die tats\u00e4chlichen Ausbildungst\u00e4tigkeiten gef\u00fchrt werden (Ausbildungsnachweis)<\/li>\n<\/ul>\n<\/div><div class=\"fusion-clearfix\"><\/div><\/div><\/div><\/div><\/div><div class=\"fusion-fullwidth fullwidth-box fusion-builder-row-6 nonhundred-percent-fullwidth non-hundred-percent-height-scrolling\" style=\"background-color: rgba(255,255,255,0);background-position: center center;background-repeat: no-repeat;padding-top:0px;padding-right:0px;padding-bottom:0px;padding-left:0px;margin-bottom: 0px;margin-top: 0px;border-width: 0px 0px 0px 0px;border-color:#eae9e9;border-style:solid;\" ><div class=\"fusion-builder-row fusion-row\"><div class=\"fusion-layout-column fusion_builder_column fusion-builder-column-8 fusion_builder_column_1_1 1_1 fusion-one-full fusion-column-first fusion-column-last\" style=\"margin-top:0px;margin-bottom:20px;\"><div class=\"fusion-column-wrapper fusion-flex-column-wrapper-legacy\" style=\"background-position:left top;background-repeat:no-repeat;-webkit-background-size:cover;-moz-background-size:cover;-o-background-size:cover;background-size:cover;padding: 0px 0px 0px 0px;\"><div class=\"fusion-sep-clear\"><\/div><div class=\"fusion-separator fusion-full-width-sep\" style=\"margin-left: auto;margin-right: auto;width:100%;\"><div class=\"fusion-separator-border sep-double\" style=\"border-color:#eff3f9;border-top-width:1px;border-bottom-width:1px;\"><\/div><\/div><div class=\"fusion-sep-clear\"><\/div><div class=\"fusion-clearfix\"><\/div><\/div><\/div><\/div><\/div><div class=\"fusion-fullwidth fullwidth-box fusion-builder-row-7 nonhundred-percent-fullwidth non-hundred-percent-height-scrolling\" style=\"background-color: rgba(255,255,255,0);background-position: center center;background-repeat: no-repeat;padding-top:0px;padding-right:0px;padding-bottom:0px;padding-left:0px;margin-bottom: 0px;margin-top: 0px;border-width: 0px 0px 0px 0px;border-color:#eae9e9;border-style:solid;\" ><div class=\"fusion-builder-row fusion-row\"><div class=\"fusion-layout-column fusion_builder_column fusion-builder-column-9 fusion_builder_column_1_1 1_1 fusion-one-full fusion-column-first fusion-column-last\" style=\"margin-top:0px;margin-bottom:20px;\"><div class=\"fusion-column-wrapper fusion-flex-column-wrapper-legacy\" style=\"background-position:left top;background-repeat:no-repeat;-webkit-background-size:cover;-moz-background-size:cover;-o-background-size:cover;background-size:cover;padding: 0px 0px 0px 0px;\"><style type=\"text\/css\"><\/style><div class=\"fusion-title title fusion-title-1 fusion-title-center fusion-title-text fusion-title-size-three fusion-animated\" style=\"margin-top:70px;margin-right:0px;margin-bottom:31px;margin-left:0px;\" data-animationType=\"zoomIn\" data-animationDuration=\"1.0\" data-animationOffset=\"100%\"><div class=\"title-sep-container title-sep-container-left\"><div class=\"title-sep sep-\" style=\"border-color:#eff3f9;\"><\/div><\/div><h3 class=\"title-heading-center\" style=\"margin:0;\"><p style=\"text-align: center;\">Bewirb Dich jetzt zu Deiner Ausbildung als Maler und Lackierer!<\/p><\/h3><div class=\"title-sep-container title-sep-container-right\"><div class=\"title-sep sep-\" style=\"border-color:#eff3f9;\"><\/div><\/div><\/div><div class=\"fusion-clearfix\"><\/div><\/div><\/div><\/div><\/div><\/p>\n","protected":false},"excerpt":{"rendered":"","protected":false},"author":1,"featured_media":0,"parent":0,"menu_order":0,"comment_status":"closed","ping_status":"closed","template":"","meta":{"footnotes":""},"class_list":["post-931","page","type-page","status-publish","hentry"],"yoast_head":"<!-- This site is optimized with the Yoast SEO plugin v27.5 - https:\/\/yoast.com\/product\/yoast-seo-wordpress\/ -->\n<title>Ausbildung Maler und Lackierer Oberland - Malermeister Mateyka<\/title>\n<meta name=\"description\" content=\"Wir suchen Auszubildende zum Maler und Lackierer. Als Mitglied der Maler- und Lackiererinnung Oberland bieten wir perfekte Bedingungen f\u00fcr Deine Ausbildung.\" \/>\n<meta name=\"robots\" content=\"index, follow, max-snippet:-1, max-image-preview:large, max-video-preview:-1\" \/>\n<link rel=\"canonical\" href=\"https:\/\/maler-mateyka.de\/index.php\/ausbildung-maler\/\" \/>\n<meta property=\"og:locale\" content=\"de_DE\" \/>\n<meta property=\"og:type\" content=\"article\" \/>\n<meta property=\"og:title\" content=\"Ausbildung Maler und Lackierer Oberland - Malermeister Mateyka\" \/>\n<meta property=\"og:description\" content=\"Wir suchen Auszubildende zum Maler und Lackierer. Als Mitglied der Maler- und Lackiererinnung Oberland bieten wir perfekte Bedingungen f\u00fcr Deine Ausbildung.\" \/>\n<meta property=\"og:url\" content=\"https:\/\/maler-mateyka.de\/index.php\/ausbildung-maler\/\" \/>\n<meta property=\"og:site_name\" content=\"Malermeister Mateyka\" \/>\n<meta property=\"article:modified_time\" content=\"2020-06-21T10:34:01+00:00\" \/>\n<meta name=\"twitter:card\" content=\"summary_large_image\" \/>\n<meta name=\"twitter:label1\" content=\"Gesch\u00e4tzte Lesezeit\" \/>\n\t<meta name=\"twitter:data1\" content=\"20\u00a0Minuten\" \/>\n<script type=\"application\/ld+json\" class=\"yoast-schema-graph\">{\"@context\":\"https:\\\/\\\/schema.org\",\"@graph\":[{\"@type\":\"WebPage\",\"@id\":\"https:\\\/\\\/maler-mateyka.de\\\/index.php\\\/ausbildung-maler\\\/\",\"url\":\"https:\\\/\\\/maler-mateyka.de\\\/index.php\\\/ausbildung-maler\\\/\",\"name\":\"Ausbildung Maler und Lackierer Oberland - Malermeister Mateyka\",\"isPartOf\":{\"@id\":\"https:\\\/\\\/maler-mateyka.de\\\/#website\"},\"datePublished\":\"2020-06-02T07:18:51+00:00\",\"dateModified\":\"2020-06-21T10:34:01+00:00\",\"description\":\"Wir suchen Auszubildende zum Maler und Lackierer. Als Mitglied der Maler- und Lackiererinnung Oberland bieten wir perfekte Bedingungen f\u00fcr Deine Ausbildung.\",\"breadcrumb\":{\"@id\":\"https:\\\/\\\/maler-mateyka.de\\\/index.php\\\/ausbildung-maler\\\/#breadcrumb\"},\"inLanguage\":\"de\",\"potentialAction\":[{\"@type\":\"ReadAction\",\"target\":[\"https:\\\/\\\/maler-mateyka.de\\\/index.php\\\/ausbildung-maler\\\/\"]}]},{\"@type\":\"BreadcrumbList\",\"@id\":\"https:\\\/\\\/maler-mateyka.de\\\/index.php\\\/ausbildung-maler\\\/#breadcrumb\",\"itemListElement\":[{\"@type\":\"ListItem\",\"position\":1,\"name\":\"Startseite\",\"item\":\"https:\\\/\\\/maler-mateyka.de\\\/\"},{\"@type\":\"ListItem\",\"position\":2,\"name\":\"Ausbildung\"}]},{\"@type\":\"WebSite\",\"@id\":\"https:\\\/\\\/maler-mateyka.de\\\/#website\",\"url\":\"https:\\\/\\\/maler-mateyka.de\\\/\",\"name\":\"Malermeister Mateyka\",\"description\":\"Ihr Fachbetrieb in Iffeldorf\",\"publisher\":{\"@id\":\"https:\\\/\\\/maler-mateyka.de\\\/#organization\"},\"potentialAction\":[{\"@type\":\"SearchAction\",\"target\":{\"@type\":\"EntryPoint\",\"urlTemplate\":\"https:\\\/\\\/maler-mateyka.de\\\/?s={search_term_string}\"},\"query-input\":{\"@type\":\"PropertyValueSpecification\",\"valueRequired\":true,\"valueName\":\"search_term_string\"}}],\"inLanguage\":\"de\"},{\"@type\":\"Organization\",\"@id\":\"https:\\\/\\\/maler-mateyka.de\\\/#organization\",\"name\":\"Malerbetrieb Mateyka\",\"url\":\"https:\\\/\\\/maler-mateyka.de\\\/\",\"logo\":{\"@type\":\"ImageObject\",\"inLanguage\":\"de\",\"@id\":\"https:\\\/\\\/maler-mateyka.de\\\/#\\\/schema\\\/logo\\\/image\\\/\",\"url\":\"https:\\\/\\\/maler-mateyka.de\\\/wp-content\\\/uploads\\\/2020\\\/05\\\/Mateyka-Logo-pur-01.png\",\"contentUrl\":\"https:\\\/\\\/maler-mateyka.de\\\/wp-content\\\/uploads\\\/2020\\\/05\\\/Mateyka-Logo-pur-01.png\",\"width\":600,\"height\":349,\"caption\":\"Malerbetrieb Mateyka\"},\"image\":{\"@id\":\"https:\\\/\\\/maler-mateyka.de\\\/#\\\/schema\\\/logo\\\/image\\\/\"}}]}<\/script>\n<!-- \/ Yoast SEO plugin. -->","yoast_head_json":{"title":"Ausbildung Maler und Lackierer Oberland - Malermeister Mateyka","description":"Wir suchen Auszubildende zum Maler und Lackierer. Als Mitglied der Maler- und Lackiererinnung Oberland bieten wir perfekte Bedingungen f\u00fcr Deine Ausbildung.","robots":{"index":"index","follow":"follow","max-snippet":"max-snippet:-1","max-image-preview":"max-image-preview:large","max-video-preview":"max-video-preview:-1"},"canonical":"https:\/\/maler-mateyka.de\/index.php\/ausbildung-maler\/","og_locale":"de_DE","og_type":"article","og_title":"Ausbildung Maler und Lackierer Oberland - Malermeister Mateyka","og_description":"Wir suchen Auszubildende zum Maler und Lackierer. Als Mitglied der Maler- und Lackiererinnung Oberland bieten wir perfekte Bedingungen f\u00fcr Deine Ausbildung.","og_url":"https:\/\/maler-mateyka.de\/index.php\/ausbildung-maler\/","og_site_name":"Malermeister Mateyka","article_modified_time":"2020-06-21T10:34:01+00:00","twitter_card":"summary_large_image","twitter_misc":{"Gesch\u00e4tzte Lesezeit":"20\u00a0Minuten"},"schema":{"@context":"https:\/\/schema.org","@graph":[{"@type":"WebPage","@id":"https:\/\/maler-mateyka.de\/index.php\/ausbildung-maler\/","url":"https:\/\/maler-mateyka.de\/index.php\/ausbildung-maler\/","name":"Ausbildung Maler und Lackierer Oberland - Malermeister Mateyka","isPartOf":{"@id":"https:\/\/maler-mateyka.de\/#website"},"datePublished":"2020-06-02T07:18:51+00:00","dateModified":"2020-06-21T10:34:01+00:00","description":"Wir suchen Auszubildende zum Maler und Lackierer. Als Mitglied der Maler- und Lackiererinnung Oberland bieten wir perfekte Bedingungen f\u00fcr Deine Ausbildung.","breadcrumb":{"@id":"https:\/\/maler-mateyka.de\/index.php\/ausbildung-maler\/#breadcrumb"},"inLanguage":"de","potentialAction":[{"@type":"ReadAction","target":["https:\/\/maler-mateyka.de\/index.php\/ausbildung-maler\/"]}]},{"@type":"BreadcrumbList","@id":"https:\/\/maler-mateyka.de\/index.php\/ausbildung-maler\/#breadcrumb","itemListElement":[{"@type":"ListItem","position":1,"name":"Startseite","item":"https:\/\/maler-mateyka.de\/"},{"@type":"ListItem","position":2,"name":"Ausbildung"}]},{"@type":"WebSite","@id":"https:\/\/maler-mateyka.de\/#website","url":"https:\/\/maler-mateyka.de\/","name":"Malermeister Mateyka","description":"Ihr Fachbetrieb in Iffeldorf","publisher":{"@id":"https:\/\/maler-mateyka.de\/#organization"},"potentialAction":[{"@type":"SearchAction","target":{"@type":"EntryPoint","urlTemplate":"https:\/\/maler-mateyka.de\/?s={search_term_string}"},"query-input":{"@type":"PropertyValueSpecification","valueRequired":true,"valueName":"search_term_string"}}],"inLanguage":"de"},{"@type":"Organization","@id":"https:\/\/maler-mateyka.de\/#organization","name":"Malerbetrieb Mateyka","url":"https:\/\/maler-mateyka.de\/","logo":{"@type":"ImageObject","inLanguage":"de","@id":"https:\/\/maler-mateyka.de\/#\/schema\/logo\/image\/","url":"https:\/\/maler-mateyka.de\/wp-content\/uploads\/2020\/05\/Mateyka-Logo-pur-01.png","contentUrl":"https:\/\/maler-mateyka.de\/wp-content\/uploads\/2020\/05\/Mateyka-Logo-pur-01.png","width":600,"height":349,"caption":"Malerbetrieb Mateyka"},"image":{"@id":"https:\/\/maler-mateyka.de\/#\/schema\/logo\/image\/"}}]}},"_links":{"self":[{"href":"https:\/\/maler-mateyka.de\/index.php\/wp-json\/wp\/v2\/pages\/931","targetHints":{"allow":["GET"]}}],"collection":[{"href":"https:\/\/maler-mateyka.de\/index.php\/wp-json\/wp\/v2\/pages"}],"about":[{"href":"https:\/\/maler-mateyka.de\/index.php\/wp-json\/wp\/v2\/types\/page"}],"author":[{"embeddable":true,"href":"https:\/\/maler-mateyka.de\/index.php\/wp-json\/wp\/v2\/users\/1"}],"replies":[{"embeddable":true,"href":"https:\/\/maler-mateyka.de\/index.php\/wp-json\/wp\/v2\/comments?post=931"}],"version-history":[{"count":15,"href":"https:\/\/maler-mateyka.de\/index.php\/wp-json\/wp\/v2\/pages\/931\/revisions"}],"predecessor-version":[{"id":980,"href":"https:\/\/maler-mateyka.de\/index.php\/wp-json\/wp\/v2\/pages\/931\/revisions\/980"}],"wp:attachment":[{"href":"https:\/\/maler-mateyka.de\/index.php\/wp-json\/wp\/v2\/media?parent=931"}],"curies":[{"name":"wp","href":"https:\/\/api.w.org\/{rel}","templated":true}]}}